{"id":2135,"date":"2023-11-28T07:52:20","date_gmt":"2023-11-28T06:52:20","guid":{"rendered":"https:\/\/doron-prize.ch\/?page_id=2135"},"modified":"2023-11-30T14:51:26","modified_gmt":"2023-11-30T13:51:26","slug":"datenschutzerklaerung","status":"publish","type":"page","link":"https:\/\/doron-prize.ch\/de\/datenschutzerklaerung\/","title":{"rendered":"Datenschutzerkl\u00e4rung"},"content":{"rendered":"<p><strong>Wir respektieren Ihre Privatsph\u00e4re<\/strong><\/p>\n<p>Alle auf der Website der Schweizerischen Stiftung f\u00fcr den Doron Preis ver\u00f6ffentlichten Informationen sind ausschlie\u00dfliches Eigentum der Stiftung.<br \/>\nDie Nutzung, Vervielf\u00e4ltigung und Verbreitung der auf dieser Website enthaltenen Informationen ist nur f\u00fcr nichtkommerzielle Zwecke unter ausdr\u00fccklicher Quellenangabe gestattet.<\/p>\n<p>Wir erheben, bearbeiten und speichern personenbezogene Daten nur im Einklang mit den gesetzlichen Bestimmungen. Durch Einreichung eines Gesuches erteilen Sie uns Ihre Einwilligung.<\/p>\n<p>Auf dem Gesuchformular fragen wir auch personenbezogene Daten ab. Diese Daten dienen ausschliesslich dem Zweck der Gesuchbehandlung und werden nicht ohne Ihre Einwilligung an Dritte weitergeleitet.<\/p>\n<p><strong>Kontakt<br \/>\n<\/strong>Sollten Sie Fragen zu Ihren Rechten in Bezug auf Ihre personenbezogenen Daten oder anderweitige diesbez\u00fcgliche Fragen haben, wenden Sie sich bitte an folgende Adresse:<\/p>\n<p>Schweizerische Stiftung f\u00fcr den Doron Preis<br \/>\nLiselotte Jaun-Werner, Gesch\u00e4ftsstelle<br \/>\nHasenlohweg 3<br \/>\n6315 Ober\u00e4geri<\/p>\n<p><a href=\"mailto:liselotte.jaun@doron-prize.ch\">liselotte.jaun@doron-prize.ch<\/a><\/p>\n<p><a href=\"https:\/\/doron-prize.ch\/de\/\">www.doron-prize.ch<\/a><\/p>\n","protected":false},"excerpt":{"rendered":"<p>Wir respektieren Ihre Privatsph\u00e4re Alle auf der Website der Schweizerischen Stiftung f\u00fcr den Doron Preis ver\u00f6ffentlichten Informationen sind ausschlie\u00dfliches Eigentum der Stiftung. Die Nutzung, Vervielf\u00e4ltigung und Verbreitung der auf dieser Website enthaltenen Informationen ist nur f\u00fcr nichtkommerzielle Zwecke unter ausdr\u00fccklicher Quellenangabe gestattet. Wir erheben, bearbeiten und speichern personenbezogene Daten nur im Einklang mit den gesetzlichen [&hellip;]<\/p>\n","protected":false},"author":2,"featured_media":0,"parent":0,"menu_order":0,"comment_status":"closed","ping_status":"closed","template":"","meta":{"_acf_changed":false,"footnotes":""},"class_list":["post-2135","page","type-page","status-publish","hentry"],"acf":[],"yoast_head":"<!-- This site is optimized with the Yoast SEO plugin v26.6 - https:\/\/yoast.com\/wordpress\/plugins\/seo\/ -->\n<title>Datenschutzerkl\u00e4rung - doron<\/title>\n<meta name=\"robots\" content=\"index, follow, max-snippet:-1, max-image-preview:large, max-video-preview:-1\" \/>\n<link rel=\"canonical\" href=\"https:\/\/doron-prize.ch\/de\/datenschutzerklaerung\/\" \/>\n<meta property=\"og:locale\" content=\"de_DE\" \/>\n<meta property=\"og:type\" content=\"article\" \/>\n<meta property=\"og:title\" content=\"Datenschutzerkl\u00e4rung - doron\" \/>\n<meta property=\"og:description\" content=\"Wir respektieren Ihre Privatsph\u00e4re Alle auf der Website der Schweizerischen Stiftung f\u00fcr den Doron Preis ver\u00f6ffentlichten Informationen sind ausschlie\u00dfliches Eigentum der Stiftung. Die Nutzung, Vervielf\u00e4ltigung und Verbreitung der auf dieser Website enthaltenen Informationen ist nur f\u00fcr nichtkommerzielle Zwecke unter ausdr\u00fccklicher Quellenangabe gestattet. Wir erheben, bearbeiten und speichern personenbezogene Daten nur im Einklang mit den gesetzlichen [&hellip;]\" \/>\n<meta property=\"og:url\" content=\"https:\/\/doron-prize.ch\/de\/datenschutzerklaerung\/\" \/>\n<meta property=\"og:site_name\" content=\"doron\" \/>\n<meta property=\"article:modified_time\" content=\"2023-11-30T13:51:26+00:00\" \/>\n<meta name=\"twitter:card\" content=\"summary_large_image\" \/>\n<meta name=\"twitter:label1\" content=\"Gesch\u00e4tzte Lesezeit\" \/>\n\t<meta name=\"twitter:data1\" content=\"1 Minute\" \/>\n<script type=\"application\/ld+json\" class=\"yoast-schema-graph\">{\"@context\":\"https:\/\/schema.org\",\"@graph\":[{\"@type\":\"WebPage\",\"@id\":\"https:\/\/doron-prize.ch\/de\/datenschutzerklaerung\/\",\"url\":\"https:\/\/doron-prize.ch\/de\/datenschutzerklaerung\/\",\"name\":\"Datenschutzerkl\u00e4rung - doron\",\"isPartOf\":{\"@id\":\"https:\/\/doron-prize.ch\/#website\"},\"datePublished\":\"2023-11-28T06:52:20+00:00\",\"dateModified\":\"2023-11-30T13:51:26+00:00\",\"breadcrumb\":{\"@id\":\"https:\/\/doron-prize.ch\/de\/datenschutzerklaerung\/#breadcrumb\"},\"inLanguage\":\"de-DE\",\"potentialAction\":[{\"@type\":\"ReadAction\",\"target\":[\"https:\/\/doron-prize.ch\/de\/datenschutzerklaerung\/\"]}]},{\"@type\":\"BreadcrumbList\",\"@id\":\"https:\/\/doron-prize.ch\/de\/datenschutzerklaerung\/#breadcrumb\",\"itemListElement\":[{\"@type\":\"ListItem\",\"position\":1,\"name\":\"Home\",\"item\":\"https:\/\/doron-prize.ch\/de\/\"},{\"@type\":\"ListItem\",\"position\":2,\"name\":\"Datenschutzerkl\u00e4rung\"}]},{\"@type\":\"WebSite\",\"@id\":\"https:\/\/doron-prize.ch\/#website\",\"url\":\"https:\/\/doron-prize.ch\/\",\"name\":\"doron\",\"description\":\"the swiss foundation\",\"potentialAction\":[{\"@type\":\"SearchAction\",\"target\":{\"@type\":\"EntryPoint\",\"urlTemplate\":\"https:\/\/doron-prize.ch\/?s={search_term_string}\"},\"query-input\":{\"@type\":\"PropertyValueSpecification\",\"valueRequired\":true,\"valueName\":\"search_term_string\"}}],\"inLanguage\":\"de-DE\"}]}<\/script>\n<!-- \/ Yoast SEO plugin. -->","yoast_head_json":{"title":"Datenschutzerkl\u00e4rung - doron","robots":{"index":"index","follow":"follow","max-snippet":"max-snippet:-1","max-image-preview":"max-image-preview:large","max-video-preview":"max-video-preview:-1"},"canonical":"https:\/\/doron-prize.ch\/de\/datenschutzerklaerung\/","og_locale":"de_DE","og_type":"article","og_title":"Datenschutzerkl\u00e4rung - doron","og_description":"Wir respektieren Ihre Privatsph\u00e4re Alle auf der Website der Schweizerischen Stiftung f\u00fcr den Doron Preis ver\u00f6ffentlichten Informationen sind ausschlie\u00dfliches Eigentum der Stiftung. Die Nutzung, Vervielf\u00e4ltigung und Verbreitung der auf dieser Website enthaltenen Informationen ist nur f\u00fcr nichtkommerzielle Zwecke unter ausdr\u00fccklicher Quellenangabe gestattet. Wir erheben, bearbeiten und speichern personenbezogene Daten nur im Einklang mit den gesetzlichen [&hellip;]","og_url":"https:\/\/doron-prize.ch\/de\/datenschutzerklaerung\/","og_site_name":"doron","article_modified_time":"2023-11-30T13:51:26+00:00","twitter_card":"summary_large_image","twitter_misc":{"Gesch\u00e4tzte Lesezeit":"1 Minute"},"schema":{"@context":"https:\/\/schema.org","@graph":[{"@type":"WebPage","@id":"https:\/\/doron-prize.ch\/de\/datenschutzerklaerung\/","url":"https:\/\/doron-prize.ch\/de\/datenschutzerklaerung\/","name":"Datenschutzerkl\u00e4rung - doron","isPartOf":{"@id":"https:\/\/doron-prize.ch\/#website"},"datePublished":"2023-11-28T06:52:20+00:00","dateModified":"2023-11-30T13:51:26+00:00","breadcrumb":{"@id":"https:\/\/doron-prize.ch\/de\/datenschutzerklaerung\/#breadcrumb"},"inLanguage":"de-DE","potentialAction":[{"@type":"ReadAction","target":["https:\/\/doron-prize.ch\/de\/datenschutzerklaerung\/"]}]},{"@type":"BreadcrumbList","@id":"https:\/\/doron-prize.ch\/de\/datenschutzerklaerung\/#breadcrumb","itemListElement":[{"@type":"ListItem","position":1,"name":"Home","item":"https:\/\/doron-prize.ch\/de\/"},{"@type":"ListItem","position":2,"name":"Datenschutzerkl\u00e4rung"}]},{"@type":"WebSite","@id":"https:\/\/doron-prize.ch\/#website","url":"https:\/\/doron-prize.ch\/","name":"doron","description":"the swiss foundation","potentialAction":[{"@type":"SearchAction","target":{"@type":"EntryPoint","urlTemplate":"https:\/\/doron-prize.ch\/?s={search_term_string}"},"query-input":{"@type":"PropertyValueSpecification","valueRequired":true,"valueName":"search_term_string"}}],"inLanguage":"de-DE"}]}},"_links":{"self":[{"href":"https:\/\/doron-prize.ch\/de\/wp-json\/wp\/v2\/pages\/2135","targetHints":{"allow":["GET"]}}],"collection":[{"href":"https:\/\/doron-prize.ch\/de\/wp-json\/wp\/v2\/pages"}],"about":[{"href":"https:\/\/doron-prize.ch\/de\/wp-json\/wp\/v2\/types\/page"}],"author":[{"embeddable":true,"href":"https:\/\/doron-prize.ch\/de\/wp-json\/wp\/v2\/users\/2"}],"replies":[{"embeddable":true,"href":"https:\/\/doron-prize.ch\/de\/wp-json\/wp\/v2\/comments?post=2135"}],"version-history":[{"count":6,"href":"https:\/\/doron-prize.ch\/de\/wp-json\/wp\/v2\/pages\/2135\/revisions"}],"predecessor-version":[{"id":2165,"href":"https:\/\/doron-prize.ch\/de\/wp-json\/wp\/v2\/pages\/2135\/revisions\/2165"}],"wp:attachment":[{"href":"https:\/\/doron-prize.ch\/de\/wp-json\/wp\/v2\/media?parent=2135"}],"curies":[{"name":"wp","href":"https:\/\/api.w.org\/{rel}","templated":true}]}}