{"id":232,"date":"2016-01-14T11:21:38","date_gmt":"2016-01-14T11:21:38","guid":{"rendered":"http:\/\/doron-prize.ch\/de\/about-us\/"},"modified":"2026-01-12T16:31:42","modified_gmt":"2026-01-12T15:31:42","slug":"ueber-uns","status":"publish","type":"page","link":"https:\/\/doron-prize.ch\/de\/ueber-uns\/","title":{"rendered":"\u00dcber uns"},"content":{"rendered":"<p><a href=\"https:\/\/doron-prize.ch\/wp-content\/uploads\/2023\/03\/20230323_204351_0462_fullres-scaled.jpg\"><img loading=\"lazy\" decoding=\"async\" width=\"1024\" height=\"683\" class=\"alignnone size-large wp-image-2112\" src=\"https:\/\/doron-prize.ch\/wp-content\/uploads\/2023\/03\/20230323_204351_0462_fullres-1024x683.jpg\" alt=\"\" srcset=\"https:\/\/doron-prize.ch\/wp-content\/uploads\/2023\/03\/20230323_204351_0462_fullres-1024x683.jpg 1024w, https:\/\/doron-prize.ch\/wp-content\/uploads\/2023\/03\/20230323_204351_0462_fullres-300x200.jpg 300w, https:\/\/doron-prize.ch\/wp-content\/uploads\/2023\/03\/20230323_204351_0462_fullres-768x512.jpg 768w, https:\/\/doron-prize.ch\/wp-content\/uploads\/2023\/03\/20230323_204351_0462_fullres-1536x1025.jpg 1536w, https:\/\/doron-prize.ch\/wp-content\/uploads\/2023\/03\/20230323_204351_0462_fullres-2048x1366.jpg 2048w\" sizes=\"auto, (max-width: 1024px) 100vw, 1024px\" \/><\/a><\/p>\n<p><p class=\"lead\">Die Mitglieder des Stiftungsrates der Schweizerischen Stiftung f\u00fcr den Doron Preis sind:<\/p><br \/>\nProf. Dr. Jean Guinand, Pr\u00e4sident<br \/>\nAdrian Kalt, lic. oec. publ., Vizepr\u00e4sident<br \/>\nDr. phil. David Streiff<br \/>\nProf. Dr. Dr. h.c. Ursula Keller<br \/>\nAvv. Giovanna Masoni Brenni<\/p>\n<p><p class=\"lead\">Ehrenmitglied<\/p>Dr. Georg Stucky, Ehrenpr\u00e4sident (1930 &#8211; 2020)<\/p>\n<p><p class=\"lead\">GR\u00dcNDER DER STIFTUNG<\/p>Dr. h.c. Marc Rich (1934 \u2013 2013)<\/p>\n<p><p class=\"lead\">Gesch\u00e4ftsstelle der schweizerischen Stiftung f\u00fcr den Doron Preis<\/p>Liselotte Jaun-Werner<\/p>\n","protected":false},"excerpt":{"rendered":"<p>Prof. Dr. Jean Guinand, Pr\u00e4sident Adrian Kalt, lic. oec. publ., Vizepr\u00e4sident Dr. phil. David Streiff Prof. Dr. Dr. h.c. Ursula Keller Avv. Giovanna Masoni Brenni Dr. Georg Stucky, Ehrenpr\u00e4sident (1930 &#8211; 2020) Dr. h.c. Marc Rich (1934 \u2013 2013) Liselotte Jaun-Werner<\/p>\n","protected":false},"author":1,"featured_media":0,"parent":0,"menu_order":0,"comment_status":"closed","ping_status":"closed","template":"template_about.php","meta":{"_acf_changed":false,"footnotes":""},"class_list":["post-232","page","type-page","status-publish","hentry"],"acf":[],"yoast_head":"<!-- This site is optimized with the Yoast SEO plugin v26.6 - https:\/\/yoast.com\/wordpress\/plugins\/seo\/ -->\n<title>\u00dcber uns - doron<\/title>\n<meta name=\"robots\" content=\"index, follow, max-snippet:-1, max-image-preview:large, max-video-preview:-1\" \/>\n<link rel=\"canonical\" href=\"https:\/\/doron-prize.ch\/de\/ueber-uns\/\" \/>\n<meta property=\"og:locale\" content=\"de_DE\" \/>\n<meta property=\"og:type\" content=\"article\" \/>\n<meta property=\"og:title\" content=\"\u00dcber uns - doron\" \/>\n<meta property=\"og:description\" content=\"Prof. Dr. Jean Guinand, Pr\u00e4sident Adrian Kalt, lic. oec. publ., Vizepr\u00e4sident Dr. phil. David Streiff Prof. Dr. Dr. h.c. Ursula Keller Avv. Giovanna Masoni Brenni Dr. Georg Stucky, Ehrenpr\u00e4sident (1930 &#8211; 2020) Dr. h.c. Marc Rich (1934 \u2013 2013) Liselotte Jaun-Werner\" \/>\n<meta property=\"og:url\" content=\"https:\/\/doron-prize.ch\/de\/ueber-uns\/\" \/>\n<meta property=\"og:site_name\" content=\"doron\" \/>\n<meta property=\"article:modified_time\" content=\"2026-01-12T15:31:42+00:00\" \/>\n<meta property=\"og:image\" content=\"https:\/\/doron-prize.ch\/wp-content\/uploads\/2023\/03\/20230323_204351_0462_fullres-scaled.jpg\" \/>\n\t<meta property=\"og:image:width\" content=\"2560\" \/>\n\t<meta property=\"og:image:height\" content=\"1708\" \/>\n\t<meta property=\"og:image:type\" content=\"image\/jpeg\" \/>\n<meta name=\"twitter:card\" content=\"summary_large_image\" \/>\n<meta name=\"twitter:label1\" content=\"Gesch\u00e4tzte Lesezeit\" \/>\n\t<meta name=\"twitter:data1\" content=\"1 Minute\" \/>\n<script type=\"application\/ld+json\" class=\"yoast-schema-graph\">{\"@context\":\"https:\/\/schema.org\",\"@graph\":[{\"@type\":\"WebPage\",\"@id\":\"https:\/\/doron-prize.ch\/de\/ueber-uns\/\",\"url\":\"https:\/\/doron-prize.ch\/de\/ueber-uns\/\",\"name\":\"\u00dcber uns - doron\",\"isPartOf\":{\"@id\":\"https:\/\/doron-prize.ch\/#website\"},\"primaryImageOfPage\":{\"@id\":\"https:\/\/doron-prize.ch\/de\/ueber-uns\/#primaryimage\"},\"image\":{\"@id\":\"https:\/\/doron-prize.ch\/de\/ueber-uns\/#primaryimage\"},\"thumbnailUrl\":\"https:\/\/doron-prize.ch\/wp-content\/uploads\/2023\/03\/20230323_204351_0462_fullres-1024x683.jpg\",\"datePublished\":\"2016-01-14T11:21:38+00:00\",\"dateModified\":\"2026-01-12T15:31:42+00:00\",\"breadcrumb\":{\"@id\":\"https:\/\/doron-prize.ch\/de\/ueber-uns\/#breadcrumb\"},\"inLanguage\":\"de-DE\",\"potentialAction\":[{\"@type\":\"ReadAction\",\"target\":[\"https:\/\/doron-prize.ch\/de\/ueber-uns\/\"]}]},{\"@type\":\"ImageObject\",\"inLanguage\":\"de-DE\",\"@id\":\"https:\/\/doron-prize.ch\/de\/ueber-uns\/#primaryimage\",\"url\":\"https:\/\/doron-prize.ch\/wp-content\/uploads\/2023\/03\/20230323_204351_0462_fullres-1024x683.jpg\",\"contentUrl\":\"https:\/\/doron-prize.ch\/wp-content\/uploads\/2023\/03\/20230323_204351_0462_fullres-1024x683.jpg\"},{\"@type\":\"BreadcrumbList\",\"@id\":\"https:\/\/doron-prize.ch\/de\/ueber-uns\/#breadcrumb\",\"itemListElement\":[{\"@type\":\"ListItem\",\"position\":1,\"name\":\"Home\",\"item\":\"https:\/\/doron-prize.ch\/de\/\"},{\"@type\":\"ListItem\",\"position\":2,\"name\":\"\u00dcber uns\"}]},{\"@type\":\"WebSite\",\"@id\":\"https:\/\/doron-prize.ch\/#website\",\"url\":\"https:\/\/doron-prize.ch\/\",\"name\":\"doron\",\"description\":\"the swiss foundation\",\"potentialAction\":[{\"@type\":\"SearchAction\",\"target\":{\"@type\":\"EntryPoint\",\"urlTemplate\":\"https:\/\/doron-prize.ch\/?s={search_term_string}\"},\"query-input\":{\"@type\":\"PropertyValueSpecification\",\"valueRequired\":true,\"valueName\":\"search_term_string\"}}],\"inLanguage\":\"de-DE\"}]}<\/script>\n<!-- \/ Yoast SEO plugin. -->","yoast_head_json":{"title":"\u00dcber uns - doron","robots":{"index":"index","follow":"follow","max-snippet":"max-snippet:-1","max-image-preview":"max-image-preview:large","max-video-preview":"max-video-preview:-1"},"canonical":"https:\/\/doron-prize.ch\/de\/ueber-uns\/","og_locale":"de_DE","og_type":"article","og_title":"\u00dcber uns - doron","og_description":"Prof. Dr. Jean Guinand, Pr\u00e4sident Adrian Kalt, lic. oec. publ., Vizepr\u00e4sident Dr. phil. David Streiff Prof. Dr. Dr. h.c. Ursula Keller Avv. Giovanna Masoni Brenni Dr. Georg Stucky, Ehrenpr\u00e4sident (1930 &#8211; 2020) Dr. h.c. Marc Rich (1934 \u2013 2013) Liselotte Jaun-Werner","og_url":"https:\/\/doron-prize.ch\/de\/ueber-uns\/","og_site_name":"doron","article_modified_time":"2026-01-12T15:31:42+00:00","og_image":[{"width":2560,"height":1708,"url":"https:\/\/doron-prize.ch\/wp-content\/uploads\/2023\/03\/20230323_204351_0462_fullres-scaled.jpg","type":"image\/jpeg"}],"twitter_card":"summary_large_image","twitter_misc":{"Gesch\u00e4tzte Lesezeit":"1 Minute"},"schema":{"@context":"https:\/\/schema.org","@graph":[{"@type":"WebPage","@id":"https:\/\/doron-prize.ch\/de\/ueber-uns\/","url":"https:\/\/doron-prize.ch\/de\/ueber-uns\/","name":"\u00dcber uns - doron","isPartOf":{"@id":"https:\/\/doron-prize.ch\/#website"},"primaryImageOfPage":{"@id":"https:\/\/doron-prize.ch\/de\/ueber-uns\/#primaryimage"},"image":{"@id":"https:\/\/doron-prize.ch\/de\/ueber-uns\/#primaryimage"},"thumbnailUrl":"https:\/\/doron-prize.ch\/wp-content\/uploads\/2023\/03\/20230323_204351_0462_fullres-1024x683.jpg","datePublished":"2016-01-14T11:21:38+00:00","dateModified":"2026-01-12T15:31:42+00:00","breadcrumb":{"@id":"https:\/\/doron-prize.ch\/de\/ueber-uns\/#breadcrumb"},"inLanguage":"de-DE","potentialAction":[{"@type":"ReadAction","target":["https:\/\/doron-prize.ch\/de\/ueber-uns\/"]}]},{"@type":"ImageObject","inLanguage":"de-DE","@id":"https:\/\/doron-prize.ch\/de\/ueber-uns\/#primaryimage","url":"https:\/\/doron-prize.ch\/wp-content\/uploads\/2023\/03\/20230323_204351_0462_fullres-1024x683.jpg","contentUrl":"https:\/\/doron-prize.ch\/wp-content\/uploads\/2023\/03\/20230323_204351_0462_fullres-1024x683.jpg"},{"@type":"BreadcrumbList","@id":"https:\/\/doron-prize.ch\/de\/ueber-uns\/#breadcrumb","itemListElement":[{"@type":"ListItem","position":1,"name":"Home","item":"https:\/\/doron-prize.ch\/de\/"},{"@type":"ListItem","position":2,"name":"\u00dcber uns"}]},{"@type":"WebSite","@id":"https:\/\/doron-prize.ch\/#website","url":"https:\/\/doron-prize.ch\/","name":"doron","description":"the swiss foundation","potentialAction":[{"@type":"SearchAction","target":{"@type":"EntryPoint","urlTemplate":"https:\/\/doron-prize.ch\/?s={search_term_string}"},"query-input":{"@type":"PropertyValueSpecification","valueRequired":true,"valueName":"search_term_string"}}],"inLanguage":"de-DE"}]}},"_links":{"self":[{"href":"https:\/\/doron-prize.ch\/de\/wp-json\/wp\/v2\/pages\/232","targetHints":{"allow":["GET"]}}],"collection":[{"href":"https:\/\/doron-prize.ch\/de\/wp-json\/wp\/v2\/pages"}],"about":[{"href":"https:\/\/doron-prize.ch\/de\/wp-json\/wp\/v2\/types\/page"}],"author":[{"embeddable":true,"href":"https:\/\/doron-prize.ch\/de\/wp-json\/wp\/v2\/users\/1"}],"replies":[{"embeddable":true,"href":"https:\/\/doron-prize.ch\/de\/wp-json\/wp\/v2\/comments?post=232"}],"version-history":[{"count":24,"href":"https:\/\/doron-prize.ch\/de\/wp-json\/wp\/v2\/pages\/232\/revisions"}],"predecessor-version":[{"id":2459,"href":"https:\/\/doron-prize.ch\/de\/wp-json\/wp\/v2\/pages\/232\/revisions\/2459"}],"wp:attachment":[{"href":"https:\/\/doron-prize.ch\/de\/wp-json\/wp\/v2\/media?parent=232"}],"curies":[{"name":"wp","href":"https:\/\/api.w.org\/{rel}","templated":true}]}}