{"id":235,"date":"2016-01-14T11:21:48","date_gmt":"2016-01-14T11:21:48","guid":{"rendered":"http:\/\/doron-prize.ch\/de\/aim\/"},"modified":"2016-03-07T15:30:39","modified_gmt":"2016-03-07T15:30:39","slug":"ziel","status":"publish","type":"page","link":"https:\/\/doron-prize.ch\/de\/ziel\/","title":{"rendered":"Ziel"},"content":{"rendered":"<p>Die Schweizerische Stiftung f\u00fcr den Doron Preis wurde 1986 von Marc Rich ins Leben gerufen, um j\u00e4hrlich innovative und gemeinn\u00fctzige Aktivit\u00e4ten mit einem Bezug zur Schweiz anzuerkennen und zu f\u00f6rdern. Die Auswahl der Preistr\u00e4ger erfolgt durch die Mitglieder des Stiftungsrates, der sich aus herausragenden Schweizer Pers\u00f6nlichkeiten aus der Zivilgesellschaft und dem Non-Profit-Bereich zusammensetzt. Die j\u00e4hrlich stattfindende Preisverleihung mit ausgew\u00e4hlten Schweizer Pers\u00f6nlichkeiten und Medien dient dazu, das \u00f6ffentliche Bewusstsein f\u00fcr die bedeutende Arbeit der Preistr\u00e4ger zu pflegen und zu erh\u00f6hen.<\/p>\n<p>Die Anerkennung wird an Menschen und Institutionen vergeben, die ihre Zeit, Arbeit und\/oder finanziellen Ressourcen den Bereichen Soziale Unterst\u00fctzung, Humanit\u00e4re Hilfe, Kunst und Wissenschaft widmen. Die jeweiligen Aktivit\u00e4ten werden entweder in der Schweiz umgesetzt oder in der Schweiz geplant und international umgesetzt.<\/p>\n","protected":false},"excerpt":{"rendered":"<p>Die Schweizerische Stiftung f\u00fcr den Doron Preis wurde 1986 von Marc Rich ins Leben gerufen, um j\u00e4hrlich innovative und gemeinn\u00fctzige Aktivit\u00e4ten mit einem Bezug zur Schweiz anzuerkennen und zu f\u00f6rdern. Die Auswahl der Preistr\u00e4ger erfolgt durch die Mitglieder des Stiftungsrates, der sich aus herausragenden Schweizer Pers\u00f6nlichkeiten aus der Zivilgesellschaft und dem Non-Profit-Bereich zusammensetzt. Die j\u00e4hrlich [&hellip;]<\/p>\n","protected":false},"author":1,"featured_media":0,"parent":0,"menu_order":0,"comment_status":"closed","ping_status":"closed","template":"template_aim.php","meta":{"_acf_changed":false,"footnotes":""},"class_list":["post-235","page","type-page","status-publish","hentry"],"acf":[],"yoast_head":"<!-- This site is optimized with the Yoast SEO plugin v26.6 - https:\/\/yoast.com\/wordpress\/plugins\/seo\/ -->\n<title>Ziel - doron<\/title>\n<meta name=\"robots\" content=\"index, follow, max-snippet:-1, max-image-preview:large, max-video-preview:-1\" \/>\n<link rel=\"canonical\" href=\"https:\/\/doron-prize.ch\/de\/ziel\/\" \/>\n<meta property=\"og:locale\" content=\"de_DE\" \/>\n<meta property=\"og:type\" content=\"article\" \/>\n<meta property=\"og:title\" content=\"Ziel - doron\" \/>\n<meta property=\"og:description\" content=\"Die Schweizerische Stiftung f\u00fcr den Doron Preis wurde 1986 von Marc Rich ins Leben gerufen, um j\u00e4hrlich innovative und gemeinn\u00fctzige Aktivit\u00e4ten mit einem Bezug zur Schweiz anzuerkennen und zu f\u00f6rdern. Die Auswahl der Preistr\u00e4ger erfolgt durch die Mitglieder des Stiftungsrates, der sich aus herausragenden Schweizer Pers\u00f6nlichkeiten aus der Zivilgesellschaft und dem Non-Profit-Bereich zusammensetzt. Die j\u00e4hrlich [&hellip;]\" \/>\n<meta property=\"og:url\" content=\"https:\/\/doron-prize.ch\/de\/ziel\/\" \/>\n<meta property=\"og:site_name\" content=\"doron\" \/>\n<meta property=\"article:modified_time\" content=\"2016-03-07T15:30:39+00:00\" \/>\n<meta name=\"twitter:card\" content=\"summary_large_image\" \/>\n<meta name=\"twitter:label1\" content=\"Gesch\u00e4tzte Lesezeit\" \/>\n\t<meta name=\"twitter:data1\" content=\"1 Minute\" \/>\n<script type=\"application\/ld+json\" class=\"yoast-schema-graph\">{\"@context\":\"https:\/\/schema.org\",\"@graph\":[{\"@type\":\"WebPage\",\"@id\":\"https:\/\/doron-prize.ch\/de\/ziel\/\",\"url\":\"https:\/\/doron-prize.ch\/de\/ziel\/\",\"name\":\"Ziel - doron\",\"isPartOf\":{\"@id\":\"https:\/\/doron-prize.ch\/#website\"},\"datePublished\":\"2016-01-14T11:21:48+00:00\",\"dateModified\":\"2016-03-07T15:30:39+00:00\",\"breadcrumb\":{\"@id\":\"https:\/\/doron-prize.ch\/de\/ziel\/#breadcrumb\"},\"inLanguage\":\"de-DE\",\"potentialAction\":[{\"@type\":\"ReadAction\",\"target\":[\"https:\/\/doron-prize.ch\/de\/ziel\/\"]}]},{\"@type\":\"BreadcrumbList\",\"@id\":\"https:\/\/doron-prize.ch\/de\/ziel\/#breadcrumb\",\"itemListElement\":[{\"@type\":\"ListItem\",\"position\":1,\"name\":\"Home\",\"item\":\"https:\/\/doron-prize.ch\/de\/\"},{\"@type\":\"ListItem\",\"position\":2,\"name\":\"Ziel\"}]},{\"@type\":\"WebSite\",\"@id\":\"https:\/\/doron-prize.ch\/#website\",\"url\":\"https:\/\/doron-prize.ch\/\",\"name\":\"doron\",\"description\":\"the swiss foundation\",\"potentialAction\":[{\"@type\":\"SearchAction\",\"target\":{\"@type\":\"EntryPoint\",\"urlTemplate\":\"https:\/\/doron-prize.ch\/?s={search_term_string}\"},\"query-input\":{\"@type\":\"PropertyValueSpecification\",\"valueRequired\":true,\"valueName\":\"search_term_string\"}}],\"inLanguage\":\"de-DE\"}]}<\/script>\n<!-- \/ Yoast SEO plugin. -->","yoast_head_json":{"title":"Ziel - doron","robots":{"index":"index","follow":"follow","max-snippet":"max-snippet:-1","max-image-preview":"max-image-preview:large","max-video-preview":"max-video-preview:-1"},"canonical":"https:\/\/doron-prize.ch\/de\/ziel\/","og_locale":"de_DE","og_type":"article","og_title":"Ziel - doron","og_description":"Die Schweizerische Stiftung f\u00fcr den Doron Preis wurde 1986 von Marc Rich ins Leben gerufen, um j\u00e4hrlich innovative und gemeinn\u00fctzige Aktivit\u00e4ten mit einem Bezug zur Schweiz anzuerkennen und zu f\u00f6rdern. Die Auswahl der Preistr\u00e4ger erfolgt durch die Mitglieder des Stiftungsrates, der sich aus herausragenden Schweizer Pers\u00f6nlichkeiten aus der Zivilgesellschaft und dem Non-Profit-Bereich zusammensetzt. Die j\u00e4hrlich [&hellip;]","og_url":"https:\/\/doron-prize.ch\/de\/ziel\/","og_site_name":"doron","article_modified_time":"2016-03-07T15:30:39+00:00","twitter_card":"summary_large_image","twitter_misc":{"Gesch\u00e4tzte Lesezeit":"1 Minute"},"schema":{"@context":"https:\/\/schema.org","@graph":[{"@type":"WebPage","@id":"https:\/\/doron-prize.ch\/de\/ziel\/","url":"https:\/\/doron-prize.ch\/de\/ziel\/","name":"Ziel - doron","isPartOf":{"@id":"https:\/\/doron-prize.ch\/#website"},"datePublished":"2016-01-14T11:21:48+00:00","dateModified":"2016-03-07T15:30:39+00:00","breadcrumb":{"@id":"https:\/\/doron-prize.ch\/de\/ziel\/#breadcrumb"},"inLanguage":"de-DE","potentialAction":[{"@type":"ReadAction","target":["https:\/\/doron-prize.ch\/de\/ziel\/"]}]},{"@type":"BreadcrumbList","@id":"https:\/\/doron-prize.ch\/de\/ziel\/#breadcrumb","itemListElement":[{"@type":"ListItem","position":1,"name":"Home","item":"https:\/\/doron-prize.ch\/de\/"},{"@type":"ListItem","position":2,"name":"Ziel"}]},{"@type":"WebSite","@id":"https:\/\/doron-prize.ch\/#website","url":"https:\/\/doron-prize.ch\/","name":"doron","description":"the swiss foundation","potentialAction":[{"@type":"SearchAction","target":{"@type":"EntryPoint","urlTemplate":"https:\/\/doron-prize.ch\/?s={search_term_string}"},"query-input":{"@type":"PropertyValueSpecification","valueRequired":true,"valueName":"search_term_string"}}],"inLanguage":"de-DE"}]}},"_links":{"self":[{"href":"https:\/\/doron-prize.ch\/de\/wp-json\/wp\/v2\/pages\/235","targetHints":{"allow":["GET"]}}],"collection":[{"href":"https:\/\/doron-prize.ch\/de\/wp-json\/wp\/v2\/pages"}],"about":[{"href":"https:\/\/doron-prize.ch\/de\/wp-json\/wp\/v2\/types\/page"}],"author":[{"embeddable":true,"href":"https:\/\/doron-prize.ch\/de\/wp-json\/wp\/v2\/users\/1"}],"replies":[{"embeddable":true,"href":"https:\/\/doron-prize.ch\/de\/wp-json\/wp\/v2\/comments?post=235"}],"version-history":[{"count":3,"href":"https:\/\/doron-prize.ch\/de\/wp-json\/wp\/v2\/pages\/235\/revisions"}],"predecessor-version":[{"id":410,"href":"https:\/\/doron-prize.ch\/de\/wp-json\/wp\/v2\/pages\/235\/revisions\/410"}],"wp:attachment":[{"href":"https:\/\/doron-prize.ch\/de\/wp-json\/wp\/v2\/media?parent=235"}],"curies":[{"name":"wp","href":"https:\/\/api.w.org\/{rel}","templated":true}]}}