{"id":2143,"date":"2023-11-28T07:57:39","date_gmt":"2023-11-28T06:57:39","guid":{"rendered":"https:\/\/doron-prize.ch\/?page_id=2143"},"modified":"2023-11-30T14:52:31","modified_gmt":"2023-11-30T13:52:31","slug":"datenschutzerklarung-fr","status":"publish","type":"page","link":"https:\/\/doron-prize.ch\/fr\/datenschutzerklarung-fr\/","title":{"rendered":"D\u00e9claration de protection des donn\u00e9es"},"content":{"rendered":"<p><strong>Nous respectons votre sph\u00e8re priv\u00e9e<\/strong><\/p>\n<p>Toutes les informations publi\u00e9es sur le site Internet de la Fondation Suisse pour le prix Doron sont la propri\u00e9t\u00e9 exclusive de la fondation. L\u2019utilisation, la reproduction et la diffusion des informations figurant sur cette site Internet ne sont autoris\u00e9es qu\u2019\u00e0 des fins non commerciales et \u00e0 la condition expresse de citer la source.<\/p>\n<p>Nous proc\u00e9dons \u00e0 la collecte, au traitement et \u00e0 l\u2019enregistrement des donn\u00e9es personnelles dans le respect absolu des dispositions l\u00e9gales en la mati\u00e8re. En soumettant une demande, vous nous donnez votre accord.<\/p>\n<p>Le formulaire de demande comporte plusieurs champs o\u00f9 nous vous demandons des donn\u00e9es personnelles. Ces donn\u00e9es sont uniquement destin\u00e9es \u00e0 traiter votre demande et ne sont en aucun cas transmises \u00e0 des tiers sans votre autorisation.<\/p>\n<p><strong>Contact<\/strong><br \/>\nPour toutes questions concernant les donn\u00e9es personnelles et plus particuli\u00e8rement vos droits en la mati\u00e8re, veuillez \u00e9crire \u00e0 l\u2019adresse suivante:<\/p>\n<p>Fondation Suisse pour le prix Doron<br \/>\nLiselotte Jaun-Werner, secr\u00e9tariat<br \/>\nHasenlohweg 3<br \/>\n6315 Ober\u00e4geri<\/p>\n<p><a href=\"mailto:liselotte.jaun@doron-prize.ch\">liselotte.jaun@doron-prize.ch<\/a><\/p>\n<p><a href=\"https:\/\/doron-prize.ch\/fr\/\">www.doron-prize.ch<\/a><\/p>\n","protected":false},"excerpt":{"rendered":"<p>Nous respectons votre sph\u00e8re priv\u00e9e Toutes les informations publi\u00e9es sur le site Internet de la Fondation Suisse pour le prix Doron sont la propri\u00e9t\u00e9 exclusive de la fondation. L\u2019utilisation, la reproduction et la diffusion des informations figurant sur cette site Internet ne sont autoris\u00e9es qu\u2019\u00e0 des fins non commerciales et \u00e0 la condition expresse de [&hellip;]<\/p>\n","protected":false},"author":2,"featured_media":0,"parent":0,"menu_order":0,"comment_status":"closed","ping_status":"closed","template":"","meta":{"_acf_changed":false,"footnotes":""},"class_list":["post-2143","page","type-page","status-publish","hentry"],"acf":[],"yoast_head":"<!-- This site is optimized with the Yoast SEO plugin v26.6 - https:\/\/yoast.com\/wordpress\/plugins\/seo\/ -->\n<title>D\u00e9claration de protection des donn\u00e9es - doron<\/title>\n<meta name=\"robots\" content=\"index, follow, max-snippet:-1, max-image-preview:large, max-video-preview:-1\" \/>\n<link rel=\"canonical\" href=\"https:\/\/doron-prize.ch\/fr\/datenschutzerklarung-fr\/\" \/>\n<meta property=\"og:locale\" content=\"fr_FR\" \/>\n<meta property=\"og:type\" content=\"article\" \/>\n<meta property=\"og:title\" content=\"D\u00e9claration de protection des donn\u00e9es - doron\" \/>\n<meta property=\"og:description\" content=\"Nous respectons votre sph\u00e8re priv\u00e9e Toutes les informations publi\u00e9es sur le site Internet de la Fondation Suisse pour le prix Doron sont la propri\u00e9t\u00e9 exclusive de la fondation. L\u2019utilisation, la reproduction et la diffusion des informations figurant sur cette site Internet ne sont autoris\u00e9es qu\u2019\u00e0 des fins non commerciales et \u00e0 la condition expresse de [&hellip;]\" \/>\n<meta property=\"og:url\" content=\"https:\/\/doron-prize.ch\/fr\/datenschutzerklarung-fr\/\" \/>\n<meta property=\"og:site_name\" content=\"doron\" \/>\n<meta property=\"article:modified_time\" content=\"2023-11-30T13:52:31+00:00\" \/>\n<meta name=\"twitter:card\" content=\"summary_large_image\" \/>\n<meta name=\"twitter:label1\" content=\"Dur\u00e9e de lecture estim\u00e9e\" \/>\n\t<meta name=\"twitter:data1\" content=\"1 minute\" \/>\n<script type=\"application\/ld+json\" class=\"yoast-schema-graph\">{\"@context\":\"https:\/\/schema.org\",\"@graph\":[{\"@type\":\"WebPage\",\"@id\":\"https:\/\/doron-prize.ch\/fr\/datenschutzerklarung-fr\/\",\"url\":\"https:\/\/doron-prize.ch\/fr\/datenschutzerklarung-fr\/\",\"name\":\"D\u00e9claration de protection des donn\u00e9es - doron\",\"isPartOf\":{\"@id\":\"https:\/\/doron-prize.ch\/#website\"},\"datePublished\":\"2023-11-28T06:57:39+00:00\",\"dateModified\":\"2023-11-30T13:52:31+00:00\",\"breadcrumb\":{\"@id\":\"https:\/\/doron-prize.ch\/fr\/datenschutzerklarung-fr\/#breadcrumb\"},\"inLanguage\":\"fr-FR\",\"potentialAction\":[{\"@type\":\"ReadAction\",\"target\":[\"https:\/\/doron-prize.ch\/fr\/datenschutzerklarung-fr\/\"]}]},{\"@type\":\"BreadcrumbList\",\"@id\":\"https:\/\/doron-prize.ch\/fr\/datenschutzerklarung-fr\/#breadcrumb\",\"itemListElement\":[{\"@type\":\"ListItem\",\"position\":1,\"name\":\"Home\",\"item\":\"https:\/\/doron-prize.ch\/fr\/\"},{\"@type\":\"ListItem\",\"position\":2,\"name\":\"D\u00e9claration de protection des donn\u00e9es\"}]},{\"@type\":\"WebSite\",\"@id\":\"https:\/\/doron-prize.ch\/#website\",\"url\":\"https:\/\/doron-prize.ch\/\",\"name\":\"doron\",\"description\":\"the swiss foundation\",\"potentialAction\":[{\"@type\":\"SearchAction\",\"target\":{\"@type\":\"EntryPoint\",\"urlTemplate\":\"https:\/\/doron-prize.ch\/?s={search_term_string}\"},\"query-input\":{\"@type\":\"PropertyValueSpecification\",\"valueRequired\":true,\"valueName\":\"search_term_string\"}}],\"inLanguage\":\"fr-FR\"}]}<\/script>\n<!-- \/ Yoast SEO plugin. -->","yoast_head_json":{"title":"D\u00e9claration de protection des donn\u00e9es - doron","robots":{"index":"index","follow":"follow","max-snippet":"max-snippet:-1","max-image-preview":"max-image-preview:large","max-video-preview":"max-video-preview:-1"},"canonical":"https:\/\/doron-prize.ch\/fr\/datenschutzerklarung-fr\/","og_locale":"fr_FR","og_type":"article","og_title":"D\u00e9claration de protection des donn\u00e9es - doron","og_description":"Nous respectons votre sph\u00e8re priv\u00e9e Toutes les informations publi\u00e9es sur le site Internet de la Fondation Suisse pour le prix Doron sont la propri\u00e9t\u00e9 exclusive de la fondation. L\u2019utilisation, la reproduction et la diffusion des informations figurant sur cette site Internet ne sont autoris\u00e9es qu\u2019\u00e0 des fins non commerciales et \u00e0 la condition expresse de [&hellip;]","og_url":"https:\/\/doron-prize.ch\/fr\/datenschutzerklarung-fr\/","og_site_name":"doron","article_modified_time":"2023-11-30T13:52:31+00:00","twitter_card":"summary_large_image","twitter_misc":{"Dur\u00e9e de lecture estim\u00e9e":"1 minute"},"schema":{"@context":"https:\/\/schema.org","@graph":[{"@type":"WebPage","@id":"https:\/\/doron-prize.ch\/fr\/datenschutzerklarung-fr\/","url":"https:\/\/doron-prize.ch\/fr\/datenschutzerklarung-fr\/","name":"D\u00e9claration de protection des donn\u00e9es - doron","isPartOf":{"@id":"https:\/\/doron-prize.ch\/#website"},"datePublished":"2023-11-28T06:57:39+00:00","dateModified":"2023-11-30T13:52:31+00:00","breadcrumb":{"@id":"https:\/\/doron-prize.ch\/fr\/datenschutzerklarung-fr\/#breadcrumb"},"inLanguage":"fr-FR","potentialAction":[{"@type":"ReadAction","target":["https:\/\/doron-prize.ch\/fr\/datenschutzerklarung-fr\/"]}]},{"@type":"BreadcrumbList","@id":"https:\/\/doron-prize.ch\/fr\/datenschutzerklarung-fr\/#breadcrumb","itemListElement":[{"@type":"ListItem","position":1,"name":"Home","item":"https:\/\/doron-prize.ch\/fr\/"},{"@type":"ListItem","position":2,"name":"D\u00e9claration de protection des donn\u00e9es"}]},{"@type":"WebSite","@id":"https:\/\/doron-prize.ch\/#website","url":"https:\/\/doron-prize.ch\/","name":"doron","description":"the swiss foundation","potentialAction":[{"@type":"SearchAction","target":{"@type":"EntryPoint","urlTemplate":"https:\/\/doron-prize.ch\/?s={search_term_string}"},"query-input":{"@type":"PropertyValueSpecification","valueRequired":true,"valueName":"search_term_string"}}],"inLanguage":"fr-FR"}]}},"_links":{"self":[{"href":"https:\/\/doron-prize.ch\/fr\/wp-json\/wp\/v2\/pages\/2143","targetHints":{"allow":["GET"]}}],"collection":[{"href":"https:\/\/doron-prize.ch\/fr\/wp-json\/wp\/v2\/pages"}],"about":[{"href":"https:\/\/doron-prize.ch\/fr\/wp-json\/wp\/v2\/types\/page"}],"author":[{"embeddable":true,"href":"https:\/\/doron-prize.ch\/fr\/wp-json\/wp\/v2\/users\/2"}],"replies":[{"embeddable":true,"href":"https:\/\/doron-prize.ch\/fr\/wp-json\/wp\/v2\/comments?post=2143"}],"version-history":[{"count":4,"href":"https:\/\/doron-prize.ch\/fr\/wp-json\/wp\/v2\/pages\/2143\/revisions"}],"predecessor-version":[{"id":2166,"href":"https:\/\/doron-prize.ch\/fr\/wp-json\/wp\/v2\/pages\/2143\/revisions\/2166"}],"wp:attachment":[{"href":"https:\/\/doron-prize.ch\/fr\/wp-json\/wp\/v2\/media?parent=2143"}],"curies":[{"name":"wp","href":"https:\/\/api.w.org\/{rel}","templated":true}]}}