{"id":449,"date":"2016-01-14T11:21:48","date_gmt":"2016-01-14T11:21:48","guid":{"rendered":"http:\/\/doron-prize.ch\/fr\/aim\/"},"modified":"2016-03-03T16:58:54","modified_gmt":"2016-03-03T16:58:54","slug":"objectif","status":"publish","type":"page","link":"https:\/\/doron-prize.ch\/fr\/objectif\/","title":{"rendered":"Objectif"},"content":{"rendered":"<p>La Fondation Suisse pour le Prix Doron a \u00e9t\u00e9 cr\u00e9\u00e9e par Marc Rich en 1986 afin de distinguer et de promouvoir chaque ann\u00e9e les activit\u00e9s innovantes et d\u2019int\u00e9r\u00eat g\u00e9n\u00e9ral en lien avec la Suisse. Les laur\u00e9ats sont s\u00e9lectionn\u00e9s par les membres du conseil de fondation, compos\u00e9 de personnalit\u00e9s suisses \u00e9minentes issues de la soci\u00e9t\u00e9 civile et du secteur des organisations \u00e0 but non lucratif. La remise annuelle du prix, r\u00e9unissant un parterre de personnalit\u00e9s et m\u00e9dias suisses, est destin\u00e9e \u00e0 promouvoir une prise de conscience publique en faveur du remarquable travail accompli par les laur\u00e9ats.<\/p>\n<p>La distinction est remise \u00e0 des personnes ou \u00e0 des institutions qui consacrent leur temps, leurs efforts et\/ou leurs ressources financi\u00e8res au soutien social, \u00e0 l\u2019aide humanitaire, \u00e0 l\u2019art et \u00e0 la science. Les diff\u00e9rentes activit\u00e9s peuvent \u00eatre, les cas \u00e9ch\u00e9ant, men\u00e9es en Suisse ou planifi\u00e9es en Suisse et men\u00e9es \u00e0 l\u2019\u00e9tranger.<\/p>\n","protected":false},"excerpt":{"rendered":"<p>La Fondation Suisse pour le Prix Doron a \u00e9t\u00e9 cr\u00e9\u00e9e par Marc Rich en 1986 afin de distinguer et de promouvoir chaque ann\u00e9e les activit\u00e9s innovantes et d\u2019int\u00e9r\u00eat g\u00e9n\u00e9ral en lien avec la Suisse. Les laur\u00e9ats sont s\u00e9lectionn\u00e9s par les membres du conseil de fondation, compos\u00e9 de personnalit\u00e9s suisses \u00e9minentes issues de la soci\u00e9t\u00e9 civile [&hellip;]<\/p>\n","protected":false},"author":1,"featured_media":0,"parent":0,"menu_order":0,"comment_status":"closed","ping_status":"closed","template":"template_aim.php","meta":{"_acf_changed":false,"footnotes":""},"class_list":["post-449","page","type-page","status-publish","hentry"],"acf":[],"yoast_head":"<!-- This site is optimized with the Yoast SEO plugin v26.6 - https:\/\/yoast.com\/wordpress\/plugins\/seo\/ -->\n<title>Objectif - doron<\/title>\n<meta name=\"robots\" content=\"index, follow, max-snippet:-1, max-image-preview:large, max-video-preview:-1\" \/>\n<link rel=\"canonical\" href=\"https:\/\/doron-prize.ch\/fr\/objectif\/\" \/>\n<meta property=\"og:locale\" content=\"fr_FR\" \/>\n<meta property=\"og:type\" content=\"article\" \/>\n<meta property=\"og:title\" content=\"Objectif - doron\" \/>\n<meta property=\"og:description\" content=\"La Fondation Suisse pour le Prix Doron a \u00e9t\u00e9 cr\u00e9\u00e9e par Marc Rich en 1986 afin de distinguer et de promouvoir chaque ann\u00e9e les activit\u00e9s innovantes et d\u2019int\u00e9r\u00eat g\u00e9n\u00e9ral en lien avec la Suisse. Les laur\u00e9ats sont s\u00e9lectionn\u00e9s par les membres du conseil de fondation, compos\u00e9 de personnalit\u00e9s suisses \u00e9minentes issues de la soci\u00e9t\u00e9 civile [&hellip;]\" \/>\n<meta property=\"og:url\" content=\"https:\/\/doron-prize.ch\/fr\/objectif\/\" \/>\n<meta property=\"og:site_name\" content=\"doron\" \/>\n<meta property=\"article:modified_time\" content=\"2016-03-03T16:58:54+00:00\" \/>\n<meta name=\"twitter:card\" content=\"summary_large_image\" \/>\n<meta name=\"twitter:label1\" content=\"Dur\u00e9e de lecture estim\u00e9e\" \/>\n\t<meta name=\"twitter:data1\" content=\"1 minute\" \/>\n<script type=\"application\/ld+json\" class=\"yoast-schema-graph\">{\"@context\":\"https:\/\/schema.org\",\"@graph\":[{\"@type\":\"WebPage\",\"@id\":\"https:\/\/doron-prize.ch\/fr\/objectif\/\",\"url\":\"https:\/\/doron-prize.ch\/fr\/objectif\/\",\"name\":\"Objectif - doron\",\"isPartOf\":{\"@id\":\"https:\/\/doron-prize.ch\/#website\"},\"datePublished\":\"2016-01-14T11:21:48+00:00\",\"dateModified\":\"2016-03-03T16:58:54+00:00\",\"breadcrumb\":{\"@id\":\"https:\/\/doron-prize.ch\/fr\/objectif\/#breadcrumb\"},\"inLanguage\":\"fr-FR\",\"potentialAction\":[{\"@type\":\"ReadAction\",\"target\":[\"https:\/\/doron-prize.ch\/fr\/objectif\/\"]}]},{\"@type\":\"BreadcrumbList\",\"@id\":\"https:\/\/doron-prize.ch\/fr\/objectif\/#breadcrumb\",\"itemListElement\":[{\"@type\":\"ListItem\",\"position\":1,\"name\":\"Home\",\"item\":\"https:\/\/doron-prize.ch\/fr\/\"},{\"@type\":\"ListItem\",\"position\":2,\"name\":\"Objectif\"}]},{\"@type\":\"WebSite\",\"@id\":\"https:\/\/doron-prize.ch\/#website\",\"url\":\"https:\/\/doron-prize.ch\/\",\"name\":\"doron\",\"description\":\"the swiss foundation\",\"potentialAction\":[{\"@type\":\"SearchAction\",\"target\":{\"@type\":\"EntryPoint\",\"urlTemplate\":\"https:\/\/doron-prize.ch\/?s={search_term_string}\"},\"query-input\":{\"@type\":\"PropertyValueSpecification\",\"valueRequired\":true,\"valueName\":\"search_term_string\"}}],\"inLanguage\":\"fr-FR\"}]}<\/script>\n<!-- \/ Yoast SEO plugin. -->","yoast_head_json":{"title":"Objectif - doron","robots":{"index":"index","follow":"follow","max-snippet":"max-snippet:-1","max-image-preview":"max-image-preview:large","max-video-preview":"max-video-preview:-1"},"canonical":"https:\/\/doron-prize.ch\/fr\/objectif\/","og_locale":"fr_FR","og_type":"article","og_title":"Objectif - doron","og_description":"La Fondation Suisse pour le Prix Doron a \u00e9t\u00e9 cr\u00e9\u00e9e par Marc Rich en 1986 afin de distinguer et de promouvoir chaque ann\u00e9e les activit\u00e9s innovantes et d\u2019int\u00e9r\u00eat g\u00e9n\u00e9ral en lien avec la Suisse. Les laur\u00e9ats sont s\u00e9lectionn\u00e9s par les membres du conseil de fondation, compos\u00e9 de personnalit\u00e9s suisses \u00e9minentes issues de la soci\u00e9t\u00e9 civile [&hellip;]","og_url":"https:\/\/doron-prize.ch\/fr\/objectif\/","og_site_name":"doron","article_modified_time":"2016-03-03T16:58:54+00:00","twitter_card":"summary_large_image","twitter_misc":{"Dur\u00e9e de lecture estim\u00e9e":"1 minute"},"schema":{"@context":"https:\/\/schema.org","@graph":[{"@type":"WebPage","@id":"https:\/\/doron-prize.ch\/fr\/objectif\/","url":"https:\/\/doron-prize.ch\/fr\/objectif\/","name":"Objectif - doron","isPartOf":{"@id":"https:\/\/doron-prize.ch\/#website"},"datePublished":"2016-01-14T11:21:48+00:00","dateModified":"2016-03-03T16:58:54+00:00","breadcrumb":{"@id":"https:\/\/doron-prize.ch\/fr\/objectif\/#breadcrumb"},"inLanguage":"fr-FR","potentialAction":[{"@type":"ReadAction","target":["https:\/\/doron-prize.ch\/fr\/objectif\/"]}]},{"@type":"BreadcrumbList","@id":"https:\/\/doron-prize.ch\/fr\/objectif\/#breadcrumb","itemListElement":[{"@type":"ListItem","position":1,"name":"Home","item":"https:\/\/doron-prize.ch\/fr\/"},{"@type":"ListItem","position":2,"name":"Objectif"}]},{"@type":"WebSite","@id":"https:\/\/doron-prize.ch\/#website","url":"https:\/\/doron-prize.ch\/","name":"doron","description":"the swiss foundation","potentialAction":[{"@type":"SearchAction","target":{"@type":"EntryPoint","urlTemplate":"https:\/\/doron-prize.ch\/?s={search_term_string}"},"query-input":{"@type":"PropertyValueSpecification","valueRequired":true,"valueName":"search_term_string"}}],"inLanguage":"fr-FR"}]}},"_links":{"self":[{"href":"https:\/\/doron-prize.ch\/fr\/wp-json\/wp\/v2\/pages\/449","targetHints":{"allow":["GET"]}}],"collection":[{"href":"https:\/\/doron-prize.ch\/fr\/wp-json\/wp\/v2\/pages"}],"about":[{"href":"https:\/\/doron-prize.ch\/fr\/wp-json\/wp\/v2\/types\/page"}],"author":[{"embeddable":true,"href":"https:\/\/doron-prize.ch\/fr\/wp-json\/wp\/v2\/users\/1"}],"replies":[{"embeddable":true,"href":"https:\/\/doron-prize.ch\/fr\/wp-json\/wp\/v2\/comments?post=449"}],"version-history":[{"count":2,"href":"https:\/\/doron-prize.ch\/fr\/wp-json\/wp\/v2\/pages\/449\/revisions"}],"predecessor-version":[{"id":451,"href":"https:\/\/doron-prize.ch\/fr\/wp-json\/wp\/v2\/pages\/449\/revisions\/451"}],"wp:attachment":[{"href":"https:\/\/doron-prize.ch\/fr\/wp-json\/wp\/v2\/media?parent=449"}],"curies":[{"name":"wp","href":"https:\/\/api.w.org\/{rel}","templated":true}]}}