{"id":453,"date":"2016-01-14T11:21:38","date_gmt":"2016-01-14T11:21:38","guid":{"rendered":"http:\/\/doron-prize.ch\/fr\/about-us\/"},"modified":"2026-01-12T16:32:31","modified_gmt":"2026-01-12T15:32:31","slug":"a-notre-sujet","status":"publish","type":"page","link":"https:\/\/doron-prize.ch\/fr\/a-notre-sujet\/","title":{"rendered":"\u00c0 notre sujet"},"content":{"rendered":"<p><a href=\"https:\/\/doron-prize.ch\/wp-content\/uploads\/2023\/03\/20230323_204351_0462_fullres-scaled.jpg\"><img loading=\"lazy\" decoding=\"async\" width=\"1024\" height=\"683\" class=\"alignnone size-large wp-image-2114\" src=\"https:\/\/doron-prize.ch\/wp-content\/uploads\/2023\/03\/20230323_204351_0462_fullres-1024x683.jpg\" alt=\"\" srcset=\"https:\/\/doron-prize.ch\/wp-content\/uploads\/2023\/03\/20230323_204351_0462_fullres-1024x683.jpg 1024w, https:\/\/doron-prize.ch\/wp-content\/uploads\/2023\/03\/20230323_204351_0462_fullres-300x200.jpg 300w, https:\/\/doron-prize.ch\/wp-content\/uploads\/2023\/03\/20230323_204351_0462_fullres-768x512.jpg 768w, https:\/\/doron-prize.ch\/wp-content\/uploads\/2023\/03\/20230323_204351_0462_fullres-1536x1025.jpg 1536w, https:\/\/doron-prize.ch\/wp-content\/uploads\/2023\/03\/20230323_204351_0462_fullres-2048x1366.jpg 2048w\" sizes=\"auto, (max-width: 1024px) 100vw, 1024px\" \/><\/a><\/p>\n<p><p class=\"lead\">LES MEMBRES DU CONSEIL DE FONDATION DE LA FONDATION SUISSE POUR LE PRIX DORON SONT:<\/p><br \/>\nProf. Dr. Jean Guinand, le pr\u00e9sident<br \/>\nAdrian Kalt, lic. oec. publ., le vice-pr\u00e9sident<br \/>\nDr. phil. David Streiff<br \/>\nProf. Dr. Dr. h.c. Ursula Keller<br \/>\nAvv. Giovanna Masoni Brenni<\/p>\n<p><p class=\"lead\">MEMBRE D\u2019HONNEUR<\/p>Dr. Georg Stucky, le pr\u00e9sident d\u2019honneur (1930 &#8211; 2020)<\/p>\n<p><p class=\"lead\">LE FONDATEUR DE LA FONDATION<\/p>Dr. h.c. Marc Rich (1934 \u2013 2013)<\/p>\n<p><p class=\"lead\">Bureau de la fondation suisse du Prix Doron<\/p>Liselotte Jaun-Werner<\/p>\n","protected":false},"excerpt":{"rendered":"<p>Prof. Dr. Jean Guinand, le pr\u00e9sident Adrian Kalt, lic. oec. publ., le vice-pr\u00e9sident Dr. phil. David Streiff Prof. Dr. Dr. h.c. Ursula Keller Avv. Giovanna Masoni Brenni Dr. Georg Stucky, le pr\u00e9sident d\u2019honneur (1930 &#8211; 2020) Dr. h.c. Marc Rich (1934 \u2013 2013) Liselotte Jaun-Werner<\/p>\n","protected":false},"author":1,"featured_media":0,"parent":0,"menu_order":0,"comment_status":"closed","ping_status":"closed","template":"template_about.php","meta":{"_acf_changed":false,"footnotes":""},"class_list":["post-453","page","type-page","status-publish","hentry"],"acf":[],"yoast_head":"<!-- This site is optimized with the Yoast SEO plugin v26.6 - https:\/\/yoast.com\/wordpress\/plugins\/seo\/ -->\n<title>\u00c0 notre sujet - doron<\/title>\n<meta name=\"robots\" content=\"index, follow, max-snippet:-1, max-image-preview:large, max-video-preview:-1\" \/>\n<link rel=\"canonical\" href=\"https:\/\/doron-prize.ch\/fr\/a-notre-sujet\/\" \/>\n<meta property=\"og:locale\" content=\"fr_FR\" \/>\n<meta property=\"og:type\" content=\"article\" \/>\n<meta property=\"og:title\" content=\"\u00c0 notre sujet - doron\" \/>\n<meta property=\"og:description\" content=\"Prof. Dr. Jean Guinand, le pr\u00e9sident Adrian Kalt, lic. oec. publ., le vice-pr\u00e9sident Dr. phil. David Streiff Prof. Dr. Dr. h.c. Ursula Keller Avv. Giovanna Masoni Brenni Dr. Georg Stucky, le pr\u00e9sident d\u2019honneur (1930 &#8211; 2020) Dr. h.c. Marc Rich (1934 \u2013 2013) Liselotte Jaun-Werner\" \/>\n<meta property=\"og:url\" content=\"https:\/\/doron-prize.ch\/fr\/a-notre-sujet\/\" \/>\n<meta property=\"og:site_name\" content=\"doron\" \/>\n<meta property=\"article:modified_time\" content=\"2026-01-12T15:32:31+00:00\" \/>\n<meta property=\"og:image\" content=\"https:\/\/doron-prize.ch\/wp-content\/uploads\/2023\/03\/20230323_204351_0462_fullres-scaled.jpg\" \/>\n\t<meta property=\"og:image:width\" content=\"2560\" \/>\n\t<meta property=\"og:image:height\" content=\"1708\" \/>\n\t<meta property=\"og:image:type\" content=\"image\/jpeg\" \/>\n<meta name=\"twitter:card\" content=\"summary_large_image\" \/>\n<meta name=\"twitter:label1\" content=\"Dur\u00e9e de lecture estim\u00e9e\" \/>\n\t<meta name=\"twitter:data1\" content=\"1 minute\" \/>\n<script type=\"application\/ld+json\" class=\"yoast-schema-graph\">{\"@context\":\"https:\/\/schema.org\",\"@graph\":[{\"@type\":\"WebPage\",\"@id\":\"https:\/\/doron-prize.ch\/fr\/a-notre-sujet\/\",\"url\":\"https:\/\/doron-prize.ch\/fr\/a-notre-sujet\/\",\"name\":\"\u00c0 notre sujet - doron\",\"isPartOf\":{\"@id\":\"https:\/\/doron-prize.ch\/#website\"},\"primaryImageOfPage\":{\"@id\":\"https:\/\/doron-prize.ch\/fr\/a-notre-sujet\/#primaryimage\"},\"image\":{\"@id\":\"https:\/\/doron-prize.ch\/fr\/a-notre-sujet\/#primaryimage\"},\"thumbnailUrl\":\"https:\/\/doron-prize.ch\/wp-content\/uploads\/2023\/03\/20230323_204351_0462_fullres-1024x683.jpg\",\"datePublished\":\"2016-01-14T11:21:38+00:00\",\"dateModified\":\"2026-01-12T15:32:31+00:00\",\"breadcrumb\":{\"@id\":\"https:\/\/doron-prize.ch\/fr\/a-notre-sujet\/#breadcrumb\"},\"inLanguage\":\"fr-FR\",\"potentialAction\":[{\"@type\":\"ReadAction\",\"target\":[\"https:\/\/doron-prize.ch\/fr\/a-notre-sujet\/\"]}]},{\"@type\":\"ImageObject\",\"inLanguage\":\"fr-FR\",\"@id\":\"https:\/\/doron-prize.ch\/fr\/a-notre-sujet\/#primaryimage\",\"url\":\"https:\/\/doron-prize.ch\/wp-content\/uploads\/2023\/03\/20230323_204351_0462_fullres-1024x683.jpg\",\"contentUrl\":\"https:\/\/doron-prize.ch\/wp-content\/uploads\/2023\/03\/20230323_204351_0462_fullres-1024x683.jpg\"},{\"@type\":\"BreadcrumbList\",\"@id\":\"https:\/\/doron-prize.ch\/fr\/a-notre-sujet\/#breadcrumb\",\"itemListElement\":[{\"@type\":\"ListItem\",\"position\":1,\"name\":\"Home\",\"item\":\"https:\/\/doron-prize.ch\/fr\/\"},{\"@type\":\"ListItem\",\"position\":2,\"name\":\"\u00c0 notre sujet\"}]},{\"@type\":\"WebSite\",\"@id\":\"https:\/\/doron-prize.ch\/#website\",\"url\":\"https:\/\/doron-prize.ch\/\",\"name\":\"doron\",\"description\":\"the swiss foundation\",\"potentialAction\":[{\"@type\":\"SearchAction\",\"target\":{\"@type\":\"EntryPoint\",\"urlTemplate\":\"https:\/\/doron-prize.ch\/?s={search_term_string}\"},\"query-input\":{\"@type\":\"PropertyValueSpecification\",\"valueRequired\":true,\"valueName\":\"search_term_string\"}}],\"inLanguage\":\"fr-FR\"}]}<\/script>\n<!-- \/ Yoast SEO plugin. -->","yoast_head_json":{"title":"\u00c0 notre sujet - doron","robots":{"index":"index","follow":"follow","max-snippet":"max-snippet:-1","max-image-preview":"max-image-preview:large","max-video-preview":"max-video-preview:-1"},"canonical":"https:\/\/doron-prize.ch\/fr\/a-notre-sujet\/","og_locale":"fr_FR","og_type":"article","og_title":"\u00c0 notre sujet - doron","og_description":"Prof. Dr. Jean Guinand, le pr\u00e9sident Adrian Kalt, lic. oec. publ., le vice-pr\u00e9sident Dr. phil. David Streiff Prof. Dr. Dr. h.c. Ursula Keller Avv. Giovanna Masoni Brenni Dr. Georg Stucky, le pr\u00e9sident d\u2019honneur (1930 &#8211; 2020) Dr. h.c. Marc Rich (1934 \u2013 2013) Liselotte Jaun-Werner","og_url":"https:\/\/doron-prize.ch\/fr\/a-notre-sujet\/","og_site_name":"doron","article_modified_time":"2026-01-12T15:32:31+00:00","og_image":[{"width":2560,"height":1708,"url":"https:\/\/doron-prize.ch\/wp-content\/uploads\/2023\/03\/20230323_204351_0462_fullres-scaled.jpg","type":"image\/jpeg"}],"twitter_card":"summary_large_image","twitter_misc":{"Dur\u00e9e de lecture estim\u00e9e":"1 minute"},"schema":{"@context":"https:\/\/schema.org","@graph":[{"@type":"WebPage","@id":"https:\/\/doron-prize.ch\/fr\/a-notre-sujet\/","url":"https:\/\/doron-prize.ch\/fr\/a-notre-sujet\/","name":"\u00c0 notre sujet - doron","isPartOf":{"@id":"https:\/\/doron-prize.ch\/#website"},"primaryImageOfPage":{"@id":"https:\/\/doron-prize.ch\/fr\/a-notre-sujet\/#primaryimage"},"image":{"@id":"https:\/\/doron-prize.ch\/fr\/a-notre-sujet\/#primaryimage"},"thumbnailUrl":"https:\/\/doron-prize.ch\/wp-content\/uploads\/2023\/03\/20230323_204351_0462_fullres-1024x683.jpg","datePublished":"2016-01-14T11:21:38+00:00","dateModified":"2026-01-12T15:32:31+00:00","breadcrumb":{"@id":"https:\/\/doron-prize.ch\/fr\/a-notre-sujet\/#breadcrumb"},"inLanguage":"fr-FR","potentialAction":[{"@type":"ReadAction","target":["https:\/\/doron-prize.ch\/fr\/a-notre-sujet\/"]}]},{"@type":"ImageObject","inLanguage":"fr-FR","@id":"https:\/\/doron-prize.ch\/fr\/a-notre-sujet\/#primaryimage","url":"https:\/\/doron-prize.ch\/wp-content\/uploads\/2023\/03\/20230323_204351_0462_fullres-1024x683.jpg","contentUrl":"https:\/\/doron-prize.ch\/wp-content\/uploads\/2023\/03\/20230323_204351_0462_fullres-1024x683.jpg"},{"@type":"BreadcrumbList","@id":"https:\/\/doron-prize.ch\/fr\/a-notre-sujet\/#breadcrumb","itemListElement":[{"@type":"ListItem","position":1,"name":"Home","item":"https:\/\/doron-prize.ch\/fr\/"},{"@type":"ListItem","position":2,"name":"\u00c0 notre sujet"}]},{"@type":"WebSite","@id":"https:\/\/doron-prize.ch\/#website","url":"https:\/\/doron-prize.ch\/","name":"doron","description":"the swiss foundation","potentialAction":[{"@type":"SearchAction","target":{"@type":"EntryPoint","urlTemplate":"https:\/\/doron-prize.ch\/?s={search_term_string}"},"query-input":{"@type":"PropertyValueSpecification","valueRequired":true,"valueName":"search_term_string"}}],"inLanguage":"fr-FR"}]}},"_links":{"self":[{"href":"https:\/\/doron-prize.ch\/fr\/wp-json\/wp\/v2\/pages\/453","targetHints":{"allow":["GET"]}}],"collection":[{"href":"https:\/\/doron-prize.ch\/fr\/wp-json\/wp\/v2\/pages"}],"about":[{"href":"https:\/\/doron-prize.ch\/fr\/wp-json\/wp\/v2\/types\/page"}],"author":[{"embeddable":true,"href":"https:\/\/doron-prize.ch\/fr\/wp-json\/wp\/v2\/users\/1"}],"replies":[{"embeddable":true,"href":"https:\/\/doron-prize.ch\/fr\/wp-json\/wp\/v2\/comments?post=453"}],"version-history":[{"count":21,"href":"https:\/\/doron-prize.ch\/fr\/wp-json\/wp\/v2\/pages\/453\/revisions"}],"predecessor-version":[{"id":2461,"href":"https:\/\/doron-prize.ch\/fr\/wp-json\/wp\/v2\/pages\/453\/revisions\/2461"}],"wp:attachment":[{"href":"https:\/\/doron-prize.ch\/fr\/wp-json\/wp\/v2\/media?parent=453"}],"curies":[{"name":"wp","href":"https:\/\/api.w.org\/{rel}","templated":true}]}}